{"id":1377,"date":"2016-12-22T23:40:59","date_gmt":"2016-12-22T21:40:59","guid":{"rendered":"https:\/?page_id=1377"},"modified":"2017-03-22T16:01:07","modified_gmt":"2017-03-22T14:01:07","slug":"blur-video-elements-easily","status":"publish","type":"page","link":"https:\/\/scrat-tech.fr\/en\/windows\/blur-video-elements-easily\/","title":{"rendered":"Blur Elements in a Video EASILY"},"content":{"rendered":"<h3 style=\"text-align: center;\"><strong>Need to blur one or more elements in a video, such as an image, text, a face or even a license plate? This tutorial teaches you EVERYTHING!<\/strong><\/h3>\n<p>Blur anything very easily with Sony Vegas PRO! Whether your element is fixed or moving, everything is shown in the video. It is following many requests that I made you this tutorial!<\/p>\n<p style=\"text-align: center;\"><a href=\"http:\/\/www.youtube.com\/user\/game682400?sub_confirmation=1\" target=\"_blank\"><img decoding=\"async\" class=\"aligncenter wp-image-1766\" src=\"https:\/\/scrat-tech.fr\/wp-content\/uploads\/2016\/11\/abonnez-1024x283.jpg\" width=\"400\" height=\"110\" srcset=\"https:\/\/scrat-tech.fr\/wp-content\/uploads\/2016\/11\/abonnez-1024x283.jpg 1024w, https:\/\/scrat-tech.fr\/wp-content\/uploads\/2016\/11\/abonnez-600x166.jpg 600w, https:\/\/scrat-tech.fr\/wp-content\/uploads\/2016\/11\/abonnez-300x83.jpg 300w, https:\/\/scrat-tech.fr\/wp-content\/uploads\/2016\/11\/abonnez-768x212.jpg 768w, https:\/\/scrat-tech.fr\/wp-content\/uploads\/2016\/11\/abonnez.jpg 1631w\" sizes=\"(max-width: 400px) 100vw, 400px\" \/><\/a><em><span style=\"color: #808080;\">Click here to subscribe and support me, it costs you nothing and makes me happy \ud83d\ude42<\/span><\/em><\/p>\n<p>It is possible to blur one or more elements at a time whether they are fixed or moving or whether some are fixed and others are moving!<\/p>\n<p>The tutorial takes place on Sony Vegas PRO 13 but the method remains the same on all other versions of the software.<\/p>\n<p>It is very important to follow the entire tutorial in order to fully understand how unsharp masks work. Disabling resampling is imperative to avoid bad images (double images at certain times or superimposed images) and to be able to work in the best possible conditions. The preview plays a huge role, set it to the same setting as in the video to be sure to have no lag with the unsharp masks.<\/p>\n<p>Be sure to monitor the keyframes and do not forget to add some. You must add a keyframe for example in this case: an element is fixed for 1 second (30 frames) then starts moving for a second. It stops again for a second and starts again. Before the first start your mask is still, we want to make it move from the 31st frame, so we create a keyframe at frame 30 by clicking on the small &quot;+&quot; (zoom in well to check that the key appears). At the end of the movement a keyframe is automatically created, then before the second start after the fixed period you must recreate one manually (at frame 89).<\/p>\n<p>Set the blur intensity to a maximum value of 0.020! Otherwise the blur amount will be too high and your mask will show through, blurring will be useless. The intensity must sometimes be modified depending on the size of the mask frame.<\/p>\n<p><iframe width=\"800\" height=\"450\" src=\"https:\/\/www.youtube.com\/embed\/1bXPeRggONQ?feature=oembed\" frameborder=\"0\" allowfullscreen><\/iframe><\/p>","protected":false},"excerpt":{"rendered":"<p>Need to blur one or more elements in a video, such as an image, text, a face, or even a license plate? This tutorial teaches you EVERYTHING! Blur anything very easily with Sony Vegas PRO! Whether your element is fixed or moving, everything is shown in the video. It&#039;s [\u2026]<\/p>","protected":false},"author":2,"featured_media":1379,"parent":40,"menu_order":0,"comment_status":"closed","ping_status":"open","template":"","meta":{"footnotes":""},"class_list":["post-1377","page","type-page","status-publish","has-post-thumbnail","hentry"],"yoast_head":"<!-- This site is optimized with the Yoast SEO Premium plugin v24.4 (Yoast SEO v24.4) - https:\/\/yoast.com\/wordpress\/plugins\/seo\/ -->\n<title>Flouter des \u00e9l\u00e9ments dans une vid\u00e9o (texte, visage, photo, plaque, code...)<\/title>\n<meta name=\"description\" content=\"Besoin de flouter un ou plusieurs \u00e9l\u00e9ments dans une vid\u00e9o, tel une image, un texte, un visage ou encore une plaque d&#039;immatriculation ? M\u00eame en mouvement ?\" \/>\n<meta name=\"robots\" content=\"index, follow, max-snippet:-1, max-image-preview:large, max-video-preview:-1\" \/>\n<link rel=\"canonical\" href=\"https:\/\/scrat-tech.fr\/en\/windows\/blur-video-elements-easily\/\" \/>\n<meta name=\"twitter:card\" content=\"summary_large_image\" \/>\n<meta name=\"twitter:title\" content=\"Flouter des \u00e9l\u00e9ments dans une vid\u00e9o (texte, visage, photo, plaque, code...)\" \/>\n<meta name=\"twitter:description\" content=\"Besoin de flouter un ou plusieurs \u00e9l\u00e9ments dans une vid\u00e9o, tel une image, un texte, un visage ou encore une plaque d&#039;immatriculation ? M\u00eame en mouvement ?\" \/>\n<meta name=\"twitter:image\" content=\"https:\/\/scrat-tech.fr\/wp-content\/uploads\/2016\/12\/1-5.jpg\" \/>\n<meta name=\"twitter:site\" content=\"@SCRAT_Rider\" \/>\n<meta name=\"twitter:label1\" content=\"Est. reading time\" \/>\n\t<meta name=\"twitter:data1\" content=\"2 minutes\" \/>\n<script type=\"application\/ld+json\" class=\"yoast-schema-graph\">{\"@context\":\"https:\/\/schema.org\",\"@graph\":[{\"@type\":\"WebPage\",\"@id\":\"https:\/\/scrat-tech.fr\/windows\/flouter-elements-video-facilement\/\",\"url\":\"https:\/\/scrat-tech.fr\/windows\/flouter-elements-video-facilement\/\",\"name\":\"Flouter des \u00e9l\u00e9ments dans une vid\u00e9o (texte, visage, photo, plaque, code...)\",\"isPartOf\":{\"@id\":\"https:\/\/scrat-tech.fr\/#website\"},\"primaryImageOfPage\":{\"@id\":\"https:\/\/scrat-tech.fr\/windows\/flouter-elements-video-facilement\/#primaryimage\"},\"image\":{\"@id\":\"https:\/\/scrat-tech.fr\/windows\/flouter-elements-video-facilement\/#primaryimage\"},\"thumbnailUrl\":\"https:\/\/scrat-tech.fr\/wp-content\/uploads\/2016\/12\/1-5.jpg\",\"datePublished\":\"2016-12-22T21:40:59+00:00\",\"dateModified\":\"2017-03-22T14:01:07+00:00\",\"description\":\"Besoin de flouter un ou plusieurs \u00e9l\u00e9ments dans une vid\u00e9o, tel une image, un texte, un visage ou encore une plaque d'immatriculation ? M\u00eame en mouvement ?\",\"breadcrumb\":{\"@id\":\"https:\/\/scrat-tech.fr\/windows\/flouter-elements-video-facilement\/#breadcrumb\"},\"inLanguage\":\"en-US\",\"potentialAction\":[{\"@type\":\"ReadAction\",\"target\":[\"https:\/\/scrat-tech.fr\/windows\/flouter-elements-video-facilement\/\"]}]},{\"@type\":\"ImageObject\",\"inLanguage\":\"en-US\",\"@id\":\"https:\/\/scrat-tech.fr\/windows\/flouter-elements-video-facilement\/#primaryimage\",\"url\":\"https:\/\/scrat-tech.fr\/wp-content\/uploads\/2016\/12\/1-5.jpg\",\"contentUrl\":\"https:\/\/scrat-tech.fr\/wp-content\/uploads\/2016\/12\/1-5.jpg\",\"width\":1920,\"height\":1080,\"caption\":\"flouter \u00e9l\u00e9ments flou sony vegas vid\u00e9o\"},{\"@type\":\"BreadcrumbList\",\"@id\":\"https:\/\/scrat-tech.fr\/windows\/flouter-elements-video-facilement\/#breadcrumb\",\"itemListElement\":[{\"@type\":\"ListItem\",\"position\":1,\"name\":\"Accueil\",\"item\":\"https:\/\/scrat-tech.fr\/\"},{\"@type\":\"ListItem\",\"position\":2,\"name\":\"Windows\",\"item\":\"https:\/\/scrat-tech.fr\/en\/windows\/\"},{\"@type\":\"ListItem\",\"position\":3,\"name\":\"Flouter des \u00e9l\u00e9ments dans une vid\u00e9o FACILEMENT\"}]},{\"@type\":\"WebSite\",\"@id\":\"https:\/\/scrat-tech.fr\/#website\",\"url\":\"https:\/\/scrat-tech.fr\/\",\"name\":\"SCRAT\",\"description\":\"\",\"publisher\":{\"@id\":\"https:\/\/scrat-tech.fr\/#organization\"},\"potentialAction\":[{\"@type\":\"SearchAction\",\"target\":{\"@type\":\"EntryPoint\",\"urlTemplate\":\"https:\/\/scrat-tech.fr\/?s={search_term_string}\"},\"query-input\":{\"@type\":\"PropertyValueSpecification\",\"valueRequired\":true,\"valueName\":\"search_term_string\"}}],\"inLanguage\":\"en-US\"},{\"@type\":\"Organization\",\"@id\":\"https:\/\/scrat-tech.fr\/#organization\",\"name\":\"SCRAT\",\"url\":\"https:\/\/scrat-tech.fr\/\",\"logo\":{\"@type\":\"ImageObject\",\"inLanguage\":\"en-US\",\"@id\":\"https:\/\/scrat-tech.fr\/#\/schema\/logo\/image\/\",\"url\":\"https:\/\/scrat-tech.fr\/wp-content\/uploads\/2024\/10\/cropped-tuyu_monte.png\",\"contentUrl\":\"https:\/\/scrat-tech.fr\/wp-content\/uploads\/2024\/10\/cropped-tuyu_monte.png\",\"width\":512,\"height\":512,\"caption\":\"SCRAT\"},\"image\":{\"@id\":\"https:\/\/scrat-tech.fr\/#\/schema\/logo\/image\/\"},\"sameAs\":[\"https:\/\/www.facebook.com\/ScratRider\/\",\"https:\/\/x.com\/SCRAT_Rider\",\"https:\/\/instagram.com\/scrat_rider\",\"https:\/\/youtube.com\/c\/SCRAT\"]}]}<\/script>\n<!-- \/ Yoast SEO Premium plugin. -->","yoast_head_json":{"title":"Blur elements in a video (text, face, photo, plate, code...)","description":"Need to blur one or more elements in a video, such as an image, text, a face or even a license plate? Even in motion?","robots":{"index":"index","follow":"follow","max-snippet":"max-snippet:-1","max-image-preview":"max-image-preview:large","max-video-preview":"max-video-preview:-1"},"canonical":"https:\/\/scrat-tech.fr\/en\/windows\/blur-video-elements-easily\/","twitter_card":"summary_large_image","twitter_title":"Flouter des \u00e9l\u00e9ments dans une vid\u00e9o (texte, visage, photo, plaque, code...)","twitter_description":"Besoin de flouter un ou plusieurs \u00e9l\u00e9ments dans une vid\u00e9o, tel une image, un texte, un visage ou encore une plaque d'immatriculation ? M\u00eame en mouvement ?","twitter_image":"https:\/\/scrat-tech.fr\/wp-content\/uploads\/2016\/12\/1-5.jpg","twitter_site":"@SCRAT_Rider","twitter_misc":{"Est. reading time":"2 minutes"},"schema":{"@context":"https:\/\/schema.org","@graph":[{"@type":"WebPage","@id":"https:\/\/scrat-tech.fr\/windows\/flouter-elements-video-facilement\/","url":"https:\/\/scrat-tech.fr\/windows\/flouter-elements-video-facilement\/","name":"Blur elements in a video (text, face, photo, plate, code...)","isPartOf":{"@id":"https:\/\/scrat-tech.fr\/#website"},"primaryImageOfPage":{"@id":"https:\/\/scrat-tech.fr\/windows\/flouter-elements-video-facilement\/#primaryimage"},"image":{"@id":"https:\/\/scrat-tech.fr\/windows\/flouter-elements-video-facilement\/#primaryimage"},"thumbnailUrl":"https:\/\/scrat-tech.fr\/wp-content\/uploads\/2016\/12\/1-5.jpg","datePublished":"2016-12-22T21:40:59+00:00","dateModified":"2017-03-22T14:01:07+00:00","description":"Need to blur one or more elements in a video, such as an image, text, a face or even a license plate? Even in motion?","breadcrumb":{"@id":"https:\/\/scrat-tech.fr\/windows\/flouter-elements-video-facilement\/#breadcrumb"},"inLanguage":"en-US","potentialAction":[{"@type":"ReadAction","target":["https:\/\/scrat-tech.fr\/windows\/flouter-elements-video-facilement\/"]}]},{"@type":"ImageObject","inLanguage":"en-US","@id":"https:\/\/scrat-tech.fr\/windows\/flouter-elements-video-facilement\/#primaryimage","url":"https:\/\/scrat-tech.fr\/wp-content\/uploads\/2016\/12\/1-5.jpg","contentUrl":"https:\/\/scrat-tech.fr\/wp-content\/uploads\/2016\/12\/1-5.jpg","width":1920,"height":1080,"caption":"flouter \u00e9l\u00e9ments flou sony vegas vid\u00e9o"},{"@type":"BreadcrumbList","@id":"https:\/\/scrat-tech.fr\/windows\/flouter-elements-video-facilement\/#breadcrumb","itemListElement":[{"@type":"ListItem","position":1,"name":"Accueil","item":"https:\/\/scrat-tech.fr\/"},{"@type":"ListItem","position":2,"name":"Windows","item":"https:\/\/scrat-tech.fr\/en\/windows\/"},{"@type":"ListItem","position":3,"name":"Flouter des \u00e9l\u00e9ments dans une vid\u00e9o FACILEMENT"}]},{"@type":"WebSite","@id":"https:\/\/scrat-tech.fr\/#website","url":"https:\/\/scrat-tech.fr\/","name":"SCRAT","description":"","publisher":{"@id":"https:\/\/scrat-tech.fr\/#organization"},"potentialAction":[{"@type":"SearchAction","target":{"@type":"EntryPoint","urlTemplate":"https:\/\/scrat-tech.fr\/?s={search_term_string}"},"query-input":{"@type":"PropertyValueSpecification","valueRequired":true,"valueName":"search_term_string"}}],"inLanguage":"en-US"},{"@type":"Organization","@id":"https:\/\/scrat-tech.fr\/#organization","name":"SCRAT","url":"https:\/\/scrat-tech.fr\/","logo":{"@type":"ImageObject","inLanguage":"en-US","@id":"https:\/\/scrat-tech.fr\/#\/schema\/logo\/image\/","url":"https:\/\/scrat-tech.fr\/wp-content\/uploads\/2024\/10\/cropped-tuyu_monte.png","contentUrl":"https:\/\/scrat-tech.fr\/wp-content\/uploads\/2024\/10\/cropped-tuyu_monte.png","width":512,"height":512,"caption":"SCRAT"},"image":{"@id":"https:\/\/scrat-tech.fr\/#\/schema\/logo\/image\/"},"sameAs":["https:\/\/www.facebook.com\/ScratRider\/","https:\/\/x.com\/SCRAT_Rider","https:\/\/instagram.com\/scrat_rider","https:\/\/youtube.com\/c\/SCRAT"]}]}},"_links":{"self":[{"href":"https:\/\/scrat-tech.fr\/en\/wp-json\/wp\/v2\/pages\/1377","targetHints":{"allow":["GET"]}}],"collection":[{"href":"https:\/\/scrat-tech.fr\/en\/wp-json\/wp\/v2\/pages"}],"about":[{"href":"https:\/\/scrat-tech.fr\/en\/wp-json\/wp\/v2\/types\/page"}],"author":[{"embeddable":true,"href":"https:\/\/scrat-tech.fr\/en\/wp-json\/wp\/v2\/users\/2"}],"replies":[{"embeddable":true,"href":"https:\/\/scrat-tech.fr\/en\/wp-json\/wp\/v2\/comments?post=1377"}],"version-history":[{"count":0,"href":"https:\/\/scrat-tech.fr\/en\/wp-json\/wp\/v2\/pages\/1377\/revisions"}],"up":[{"embeddable":true,"href":"https:\/\/scrat-tech.fr\/en\/wp-json\/wp\/v2\/pages\/40"}],"wp:featuredmedia":[{"embeddable":true,"href":"https:\/\/scrat-tech.fr\/en\/wp-json\/wp\/v2\/media\/1379"}],"wp:attachment":[{"href":"https:\/\/scrat-tech.fr\/en\/wp-json\/wp\/v2\/media?parent=1377"}],"curies":[{"name":"wp","href":"https:\/\/api.w.org\/{rel}","templated":true}]}}