{"id":1024,"date":"2016-11-21T19:40:17","date_gmt":"2016-11-21T17:40:17","guid":{"rendered":"https:\/?page_id=1024"},"modified":"2017-03-22T16:27:40","modified_gmt":"2017-03-22T14:27:40","slug":"download-videos-from-any-site","status":"publish","type":"page","link":"https:\/\/scrat-tech.fr\/en\/windows\/download-videos-from-any-site\/","title":{"rendered":"Download videos from any site easily"},"content":{"rendered":"<h3 style=\"text-align: center;\"><strong>Download videos from the internet, without software and from any site, what do you think? With this method it is possible and very simple!\u00a0<\/strong><\/h3>\n<p style=\"text-align: left;\">No software is needed, nothing else needs to be installed except a simple, very lightweight extension to start downloading videos.<\/p>\n<p style=\"text-align: center;\"><a href=\"http:\/\/www.youtube.com\/user\/game682400?sub_confirmation=1\" target=\"_blank\"><img decoding=\"async\" class=\"aligncenter wp-image-1766\" src=\"https:\/\/scrat-tech.fr\/wp-content\/uploads\/2016\/11\/abonnez-1024x283.jpg\" width=\"400\" height=\"110\" srcset=\"https:\/\/scrat-tech.fr\/wp-content\/uploads\/2016\/11\/abonnez-1024x283.jpg 1024w, https:\/\/scrat-tech.fr\/wp-content\/uploads\/2016\/11\/abonnez-600x166.jpg 600w, https:\/\/scrat-tech.fr\/wp-content\/uploads\/2016\/11\/abonnez-300x83.jpg 300w, https:\/\/scrat-tech.fr\/wp-content\/uploads\/2016\/11\/abonnez-768x212.jpg 768w, https:\/\/scrat-tech.fr\/wp-content\/uploads\/2016\/11\/abonnez.jpg 1631w\" sizes=\"(max-width: 400px) 100vw, 400px\" \/><\/a><em><span style=\"color: #808080;\">Click here to subscribe and support me, it costs you nothing and makes me happy \ud83d\ude42<\/span><\/em><\/p>\n<p style=\"text-align: left;\">Available on Google Chrome or Mozilla Firefox, this small free add-on will allow you, by going to the sites of your choice, to retrieve and download videos found there in a few clicks and very quickly.<\/p>\n<p style=\"text-align: left;\">Additionally the extension allows you to choose in what quality you want to download the video, select the one you want and click on the button to choose where to save it on your PC.<\/p>\n<p style=\"text-align: left;\">The only site that I know of that is not supported is YouTube. This feature is locked due to YouTube&#039;s terms of service, just read the message the extension will tell you when you go to the site. There are still other options to download from YouTube by searching on Google if that&#039;s what you&#039;re interested in.<\/p>\n<p style=\"text-align: left;\">Another big plus point: the videos are downloaded at the maximum of your internet connection, this system is comparable to downloading an image like when you click on it to do &quot;Save image as&quot;.<\/p>\n<p style=\"text-align: left;\"><strong>You will need the extension for Google Chrome available <a href=\"http:\/\/www.clictune.com\/id=743916\" target=\"_blank\">ICI<\/a>, or for Mozilla Firefox <a href=\"http:\/\/www.clictune.com\/id=743917\" target=\"_blank\">ICI<\/a>, or simply use the links in the video description on YouTube.<\/strong><\/p>\n<p><iframe width=\"800\" height=\"450\" src=\"https:\/\/www.youtube.com\/embed\/-mpnfd6FC3w?feature=oembed\" frameborder=\"0\" allowfullscreen><\/iframe><\/p>","protected":false},"excerpt":{"rendered":"<p>T\u00e9l\u00e9charger des vid\u00e9os sur internet, sans logiciel et venant de n&rsquo;importe quel site \u00e7a vous dit ? Avec cette m\u00e9thode c&rsquo;est possible et ce tr\u00e8s simplement !\u00a0 Aucun logiciel n&rsquo;est n\u00e9cessaire, rien d&rsquo;autre n&rsquo;est \u00e0 installer \u00e0 part une simple extension tr\u00e8s l\u00e9g\u00e8re pour commencer \u00e0 t\u00e9l\u00e9charger des vid\u00e9os. Cliquez ici pour vous abonner et [&hellip;]<\/p>","protected":false},"author":2,"featured_media":1025,"parent":40,"menu_order":0,"comment_status":"closed","ping_status":"open","template":"","meta":{"footnotes":""},"class_list":["post-1024","page","type-page","status-publish","has-post-thumbnail","hentry"],"yoast_head":"<!-- This site is optimized with the Yoast SEO Premium plugin v24.4 (Yoast SEO v24.4) - https:\/\/yoast.com\/wordpress\/plugins\/seo\/ -->\n<title>T\u00e9l\u00e9charger des vid\u00e9os de n&#039;importe quel site facilement<\/title>\n<meta name=\"description\" content=\"T\u00e9l\u00e9charger des vid\u00e9os sur n&#039;importe quel site internet tr\u00e8s simplement gr\u00e2ce \u00e0 une simple extension pour Chrome ou Firefox en quelques cliques !\" \/>\n<meta name=\"robots\" content=\"index, follow, max-snippet:-1, max-image-preview:large, max-video-preview:-1\" \/>\n<link rel=\"canonical\" href=\"https:\/\/scrat-tech.fr\/en\/windows\/download-videos-from-any-site\/\" \/>\n<meta name=\"twitter:card\" content=\"summary_large_image\" \/>\n<meta name=\"twitter:title\" content=\"T\u00e9l\u00e9charger des vid\u00e9os de n&#039;importe quel site facilement\" \/>\n<meta name=\"twitter:description\" content=\"T\u00e9l\u00e9charger des vid\u00e9os sur n&#039;importe quel site internet tr\u00e8s simplement gr\u00e2ce \u00e0 une simple extension pour Chrome ou Firefox en quelques cliques !\" \/>\n<meta name=\"twitter:image\" content=\"https:\/\/scrat-tech.fr\/wp-content\/uploads\/2016\/11\/1-2.jpg\" \/>\n<meta name=\"twitter:site\" content=\"@SCRAT_Rider\" \/>\n<meta name=\"twitter:label1\" content=\"Est. reading time\" \/>\n\t<meta name=\"twitter:data1\" content=\"1 minute\" \/>\n<script type=\"application\/ld+json\" class=\"yoast-schema-graph\">{\"@context\":\"https:\/\/schema.org\",\"@graph\":[{\"@type\":\"WebPage\",\"@id\":\"https:\/\/scrat-tech.fr\/windows\/telecharger-des-videos-de-nimporte-site\/\",\"url\":\"https:\/\/scrat-tech.fr\/windows\/telecharger-des-videos-de-nimporte-site\/\",\"name\":\"T\u00e9l\u00e9charger des vid\u00e9os de n'importe quel site facilement\",\"isPartOf\":{\"@id\":\"https:\/\/scrat-tech.fr\/#website\"},\"primaryImageOfPage\":{\"@id\":\"https:\/\/scrat-tech.fr\/windows\/telecharger-des-videos-de-nimporte-site\/#primaryimage\"},\"image\":{\"@id\":\"https:\/\/scrat-tech.fr\/windows\/telecharger-des-videos-de-nimporte-site\/#primaryimage\"},\"thumbnailUrl\":\"https:\/\/scrat-tech.fr\/wp-content\/uploads\/2016\/11\/1-2.jpg\",\"datePublished\":\"2016-11-21T17:40:17+00:00\",\"dateModified\":\"2017-03-22T14:27:40+00:00\",\"description\":\"T\u00e9l\u00e9charger des vid\u00e9os sur n'importe quel site internet tr\u00e8s simplement gr\u00e2ce \u00e0 une simple extension pour Chrome ou Firefox en quelques cliques !\",\"breadcrumb\":{\"@id\":\"https:\/\/scrat-tech.fr\/windows\/telecharger-des-videos-de-nimporte-site\/#breadcrumb\"},\"inLanguage\":\"en-US\",\"potentialAction\":[{\"@type\":\"ReadAction\",\"target\":[\"https:\/\/scrat-tech.fr\/windows\/telecharger-des-videos-de-nimporte-site\/\"]}]},{\"@type\":\"ImageObject\",\"inLanguage\":\"en-US\",\"@id\":\"https:\/\/scrat-tech.fr\/windows\/telecharger-des-videos-de-nimporte-site\/#primaryimage\",\"url\":\"https:\/\/scrat-tech.fr\/wp-content\/uploads\/2016\/11\/1-2.jpg\",\"contentUrl\":\"https:\/\/scrat-tech.fr\/wp-content\/uploads\/2016\/11\/1-2.jpg\",\"width\":1920,\"height\":1080,\"caption\":\"t\u00e9l\u00e9charger des vid\u00e9os youtube site\"},{\"@type\":\"BreadcrumbList\",\"@id\":\"https:\/\/scrat-tech.fr\/windows\/telecharger-des-videos-de-nimporte-site\/#breadcrumb\",\"itemListElement\":[{\"@type\":\"ListItem\",\"position\":1,\"name\":\"Accueil\",\"item\":\"https:\/\/scrat-tech.fr\/\"},{\"@type\":\"ListItem\",\"position\":2,\"name\":\"Windows\",\"item\":\"https:\/\/scrat-tech.fr\/en\/windows\/\"},{\"@type\":\"ListItem\",\"position\":3,\"name\":\"T\u00e9l\u00e9charger des vid\u00e9os de n&rsquo;importe quel site facilement\"}]},{\"@type\":\"WebSite\",\"@id\":\"https:\/\/scrat-tech.fr\/#website\",\"url\":\"https:\/\/scrat-tech.fr\/\",\"name\":\"SCRAT\",\"description\":\"\",\"publisher\":{\"@id\":\"https:\/\/scrat-tech.fr\/#organization\"},\"potentialAction\":[{\"@type\":\"SearchAction\",\"target\":{\"@type\":\"EntryPoint\",\"urlTemplate\":\"https:\/\/scrat-tech.fr\/?s={search_term_string}\"},\"query-input\":{\"@type\":\"PropertyValueSpecification\",\"valueRequired\":true,\"valueName\":\"search_term_string\"}}],\"inLanguage\":\"en-US\"},{\"@type\":\"Organization\",\"@id\":\"https:\/\/scrat-tech.fr\/#organization\",\"name\":\"SCRAT\",\"url\":\"https:\/\/scrat-tech.fr\/\",\"logo\":{\"@type\":\"ImageObject\",\"inLanguage\":\"en-US\",\"@id\":\"https:\/\/scrat-tech.fr\/#\/schema\/logo\/image\/\",\"url\":\"https:\/\/scrat-tech.fr\/wp-content\/uploads\/2024\/10\/cropped-tuyu_monte.png\",\"contentUrl\":\"https:\/\/scrat-tech.fr\/wp-content\/uploads\/2024\/10\/cropped-tuyu_monte.png\",\"width\":512,\"height\":512,\"caption\":\"SCRAT\"},\"image\":{\"@id\":\"https:\/\/scrat-tech.fr\/#\/schema\/logo\/image\/\"},\"sameAs\":[\"https:\/\/www.facebook.com\/ScratRider\/\",\"https:\/\/x.com\/SCRAT_Rider\",\"https:\/\/instagram.com\/scrat_rider\",\"https:\/\/youtube.com\/c\/SCRAT\"]}]}<\/script>\n<!-- \/ Yoast SEO Premium plugin. -->","yoast_head_json":{"title":"Download videos from any site easily","description":"Download videos from any website very easily with a simple extension for Chrome or Firefox in just a few clicks!","robots":{"index":"index","follow":"follow","max-snippet":"max-snippet:-1","max-image-preview":"max-image-preview:large","max-video-preview":"max-video-preview:-1"},"canonical":"https:\/\/scrat-tech.fr\/en\/windows\/download-videos-from-any-site\/","twitter_card":"summary_large_image","twitter_title":"T\u00e9l\u00e9charger des vid\u00e9os de n'importe quel site facilement","twitter_description":"T\u00e9l\u00e9charger des vid\u00e9os sur n'importe quel site internet tr\u00e8s simplement gr\u00e2ce \u00e0 une simple extension pour Chrome ou Firefox en quelques cliques !","twitter_image":"https:\/\/scrat-tech.fr\/wp-content\/uploads\/2016\/11\/1-2.jpg","twitter_site":"@SCRAT_Rider","twitter_misc":{"Est. reading time":"1 minute"},"schema":{"@context":"https:\/\/schema.org","@graph":[{"@type":"WebPage","@id":"https:\/\/scrat-tech.fr\/windows\/telecharger-des-videos-de-nimporte-site\/","url":"https:\/\/scrat-tech.fr\/windows\/telecharger-des-videos-de-nimporte-site\/","name":"Download videos from any site easily","isPartOf":{"@id":"https:\/\/scrat-tech.fr\/#website"},"primaryImageOfPage":{"@id":"https:\/\/scrat-tech.fr\/windows\/telecharger-des-videos-de-nimporte-site\/#primaryimage"},"image":{"@id":"https:\/\/scrat-tech.fr\/windows\/telecharger-des-videos-de-nimporte-site\/#primaryimage"},"thumbnailUrl":"https:\/\/scrat-tech.fr\/wp-content\/uploads\/2016\/11\/1-2.jpg","datePublished":"2016-11-21T17:40:17+00:00","dateModified":"2017-03-22T14:27:40+00:00","description":"Download videos from any website very easily with a simple extension for Chrome or Firefox in just a few clicks!","breadcrumb":{"@id":"https:\/\/scrat-tech.fr\/windows\/telecharger-des-videos-de-nimporte-site\/#breadcrumb"},"inLanguage":"en-US","potentialAction":[{"@type":"ReadAction","target":["https:\/\/scrat-tech.fr\/windows\/telecharger-des-videos-de-nimporte-site\/"]}]},{"@type":"ImageObject","inLanguage":"en-US","@id":"https:\/\/scrat-tech.fr\/windows\/telecharger-des-videos-de-nimporte-site\/#primaryimage","url":"https:\/\/scrat-tech.fr\/wp-content\/uploads\/2016\/11\/1-2.jpg","contentUrl":"https:\/\/scrat-tech.fr\/wp-content\/uploads\/2016\/11\/1-2.jpg","width":1920,"height":1080,"caption":"t\u00e9l\u00e9charger des vid\u00e9os youtube site"},{"@type":"BreadcrumbList","@id":"https:\/\/scrat-tech.fr\/windows\/telecharger-des-videos-de-nimporte-site\/#breadcrumb","itemListElement":[{"@type":"ListItem","position":1,"name":"Accueil","item":"https:\/\/scrat-tech.fr\/"},{"@type":"ListItem","position":2,"name":"Windows","item":"https:\/\/scrat-tech.fr\/en\/windows\/"},{"@type":"ListItem","position":3,"name":"T\u00e9l\u00e9charger des vid\u00e9os de n&rsquo;importe quel site facilement"}]},{"@type":"WebSite","@id":"https:\/\/scrat-tech.fr\/#website","url":"https:\/\/scrat-tech.fr\/","name":"SCRAT","description":"","publisher":{"@id":"https:\/\/scrat-tech.fr\/#organization"},"potentialAction":[{"@type":"SearchAction","target":{"@type":"EntryPoint","urlTemplate":"https:\/\/scrat-tech.fr\/?s={search_term_string}"},"query-input":{"@type":"PropertyValueSpecification","valueRequired":true,"valueName":"search_term_string"}}],"inLanguage":"en-US"},{"@type":"Organization","@id":"https:\/\/scrat-tech.fr\/#organization","name":"SCRAT","url":"https:\/\/scrat-tech.fr\/","logo":{"@type":"ImageObject","inLanguage":"en-US","@id":"https:\/\/scrat-tech.fr\/#\/schema\/logo\/image\/","url":"https:\/\/scrat-tech.fr\/wp-content\/uploads\/2024\/10\/cropped-tuyu_monte.png","contentUrl":"https:\/\/scrat-tech.fr\/wp-content\/uploads\/2024\/10\/cropped-tuyu_monte.png","width":512,"height":512,"caption":"SCRAT"},"image":{"@id":"https:\/\/scrat-tech.fr\/#\/schema\/logo\/image\/"},"sameAs":["https:\/\/www.facebook.com\/ScratRider\/","https:\/\/x.com\/SCRAT_Rider","https:\/\/instagram.com\/scrat_rider","https:\/\/youtube.com\/c\/SCRAT"]}]}},"_links":{"self":[{"href":"https:\/\/scrat-tech.fr\/en\/wp-json\/wp\/v2\/pages\/1024","targetHints":{"allow":["GET"]}}],"collection":[{"href":"https:\/\/scrat-tech.fr\/en\/wp-json\/wp\/v2\/pages"}],"about":[{"href":"https:\/\/scrat-tech.fr\/en\/wp-json\/wp\/v2\/types\/page"}],"author":[{"embeddable":true,"href":"https:\/\/scrat-tech.fr\/en\/wp-json\/wp\/v2\/users\/2"}],"replies":[{"embeddable":true,"href":"https:\/\/scrat-tech.fr\/en\/wp-json\/wp\/v2\/comments?post=1024"}],"version-history":[{"count":0,"href":"https:\/\/scrat-tech.fr\/en\/wp-json\/wp\/v2\/pages\/1024\/revisions"}],"up":[{"embeddable":true,"href":"https:\/\/scrat-tech.fr\/en\/wp-json\/wp\/v2\/pages\/40"}],"wp:featuredmedia":[{"embeddable":true,"href":"https:\/\/scrat-tech.fr\/en\/wp-json\/wp\/v2\/media\/1025"}],"wp:attachment":[{"href":"https:\/\/scrat-tech.fr\/en\/wp-json\/wp\/v2\/media?parent=1024"}],"curies":[{"name":"wp","href":"https:\/\/api.w.org\/{rel}","templated":true}]}}