{"id":1010,"date":"2016-11-01T18:17:54","date_gmt":"2016-11-01T16:17:54","guid":{"rendered":"https:\/?page_id=1010"},"modified":"2017-03-20T16:28:08","modified_gmt":"2017-03-20T14:28:08","slug":"film-your-android-screen-without-root","status":"publish","type":"page","link":"https:\/\/scrat-tech.fr\/en\/android\/film-your-android-screen-without-root\/","title":{"rendered":"Film your rootless ANDROID screen in FULL HD"},"content":{"rendered":"<h3 style=\"text-align: center;\"><strong>Here's how to film your Android screen in Full HD quality without root, capturing sound and webcam if required!<\/strong><\/h3>\n<p style=\"text-align: left;\">I'm making this video in response to numerous requests about my videos on Android \"How do you record your screen???\" \"How do you film your screen???\" ... etc.... For my part, as shown in the video, I use a function built into my Sony Xperia Z3 to record my screen, but as this function isn't available on all devices, I'm offering you an alternative application that will enable you to do the same thing.<\/p>\n<p style=\"text-align: center;\"><a href=\"http:\/\/www.youtube.com\/user\/game682400?sub_confirmation=1\" target=\"_blank\"><img decoding=\"async\" class=\"aligncenter wp-image-1766\" src=\"https:\/\/scrat-tech.fr\/wp-content\/uploads\/2016\/11\/abonnez-1024x283.jpg\" width=\"400\" height=\"110\" srcset=\"https:\/\/scrat-tech.fr\/wp-content\/uploads\/2016\/11\/abonnez-1024x283.jpg 1024w, https:\/\/scrat-tech.fr\/wp-content\/uploads\/2016\/11\/abonnez-600x166.jpg 600w, https:\/\/scrat-tech.fr\/wp-content\/uploads\/2016\/11\/abonnez-300x83.jpg 300w, https:\/\/scrat-tech.fr\/wp-content\/uploads\/2016\/11\/abonnez-768x212.jpg 768w, https:\/\/scrat-tech.fr\/wp-content\/uploads\/2016\/11\/abonnez.jpg 1631w\" sizes=\"(max-width: 400px) 100vw, 400px\" \/><\/a><em><span style=\"color: #808080;\">Click here to subscribe and support me, it costs you nothing and makes me happy \ud83d\ude42<\/span><\/em><\/p>\n<p style=\"text-align: left;\">The application I'm proposing is just perfect, thanks to the fact that you can film your screen in Full HD portrait (1080 x 1920) as well as Full HD landscape (1920 x 1080), provided you have a smartphone with this resolution of course, but nowadays all new smartphones have one, otherwise the resolution will adapt to yours. External sound capture is integrated, and if you tick the box to activate the microphone in the settings, you'll be able to comment on your live video, and the same goes for the webcam for those who love face-cam videos! And of course, the best thing is that it doesn't require <strong>NOT<\/strong> root access to your device!<\/p>\n<p style=\"text-align: left;\">A single negative point, but only for a few people today: the application only works on devices with Android versions higher than 5.0 (Android Lollipop, hence the name of the application).<\/p>\n<p style=\"text-align: left;\">To start recording, click on \"Start recording\", then exit the application by pressing the \"Home\" button. <strong>ONLY<\/strong>Do not close the application via multitasking, otherwise the capture will stop and the video will be corrupted and therefore unreadable. To stop capturing, click on \"Stop\" in the notification (you may need to drag it down to expand the \"Stop\" button) or return to the application and click on \"Stop recording\".<\/p>\n<p><strong>You can download the screen recorder application by clicking here. <a href=\"http:\/\/www.clictune.com\/id=736898\" target=\"_blank\">ICI<\/a>or simply follow the link in the video description on YouTube.<\/strong><\/p>\n<p><iframe width=\"800\" height=\"450\" src=\"https:\/\/www.youtube.com\/embed\/m_KzPwBuok4?feature=oembed\" frameborder=\"0\" allowfullscreen><\/iframe><\/p>","protected":false},"excerpt":{"rendered":"<p>Voici comment filmer son \u00e9cran Android en qualit\u00e9 Full HD sans root et en capturant le son et la webcam si besoin ! Je r\u00e9alise cette vid\u00e9o suite \u00e0 de nombreuses demandes \u00e0 propos de mes vid\u00e9os sur Android \u00ab\u00a0Comment tu enregistres ton \u00e9cran ???\u00a0\u00bb \u00ab\u00a0Comment filmer son \u00e9cran ???\u00a0\u00bb &#8230; etc&#8230; Pour ma part [&hellip;]<\/p>","protected":false},"author":2,"featured_media":1011,"parent":37,"menu_order":0,"comment_status":"closed","ping_status":"open","template":"","meta":{"footnotes":""},"class_list":["post-1010","page","type-page","status-publish","has-post-thumbnail","hentry"],"yoast_head":"<!-- This site is optimized with the Yoast SEO Premium plugin v24.4 (Yoast SEO v24.4) - https:\/\/yoast.com\/wordpress\/plugins\/seo\/ -->\n<title>Filmer son \u00e9cran ANDROID sans root en FULL HD et GRATUITEMENT<\/title>\n<meta name=\"description\" content=\"Voici comment filmer son \u00e9cran Android en qualit\u00e9 Full HD sans root et en capturant le son et la webcam si besoin, le tout GRATUITEMENT et FACILEMENT.\" \/>\n<meta name=\"robots\" content=\"index, follow, max-snippet:-1, max-image-preview:large, max-video-preview:-1\" \/>\n<link rel=\"canonical\" href=\"https:\/\/scrat-tech.fr\/en\/android\/film-your-android-screen-without-root\/\" \/>\n<meta name=\"twitter:card\" content=\"summary_large_image\" \/>\n<meta name=\"twitter:title\" content=\"Filmer son \u00e9cran ANDROID sans root en FULL HD et GRATUITEMENT\" \/>\n<meta name=\"twitter:description\" content=\"Voici comment filmer son \u00e9cran Android en qualit\u00e9 Full HD sans root et en capturant le son et la webcam si besoin, le tout GRATUITEMENT et FACILEMENT.\" \/>\n<meta name=\"twitter:image\" content=\"https:\/\/scrat-tech.fr\/wp-content\/uploads\/2016\/11\/1.jpg\" \/>\n<meta name=\"twitter:site\" content=\"@SCRAT_Rider\" \/>\n<meta name=\"twitter:label1\" content=\"Est. reading time\" \/>\n\t<meta name=\"twitter:data1\" content=\"2 minutes\" \/>\n<script type=\"application\/ld+json\" class=\"yoast-schema-graph\">{\"@context\":\"https:\/\/schema.org\",\"@graph\":[{\"@type\":\"WebPage\",\"@id\":\"https:\/\/scrat-tech.fr\/android\/filmer-son-ecran-android-sans-root\/\",\"url\":\"https:\/\/scrat-tech.fr\/android\/filmer-son-ecran-android-sans-root\/\",\"name\":\"Filmer son \u00e9cran ANDROID sans root en FULL HD et GRATUITEMENT\",\"isPartOf\":{\"@id\":\"https:\/\/scrat-tech.fr\/#website\"},\"primaryImageOfPage\":{\"@id\":\"https:\/\/scrat-tech.fr\/android\/filmer-son-ecran-android-sans-root\/#primaryimage\"},\"image\":{\"@id\":\"https:\/\/scrat-tech.fr\/android\/filmer-son-ecran-android-sans-root\/#primaryimage\"},\"thumbnailUrl\":\"https:\/\/scrat-tech.fr\/wp-content\/uploads\/2016\/11\/1.jpg\",\"datePublished\":\"2016-11-01T16:17:54+00:00\",\"dateModified\":\"2017-03-20T14:28:08+00:00\",\"description\":\"Voici comment filmer son \u00e9cran Android en qualit\u00e9 Full HD sans root et en capturant le son et la webcam si besoin, le tout GRATUITEMENT et FACILEMENT.\",\"breadcrumb\":{\"@id\":\"https:\/\/scrat-tech.fr\/android\/filmer-son-ecran-android-sans-root\/#breadcrumb\"},\"inLanguage\":\"en-US\",\"potentialAction\":[{\"@type\":\"ReadAction\",\"target\":[\"https:\/\/scrat-tech.fr\/android\/filmer-son-ecran-android-sans-root\/\"]}]},{\"@type\":\"ImageObject\",\"inLanguage\":\"en-US\",\"@id\":\"https:\/\/scrat-tech.fr\/android\/filmer-son-ecran-android-sans-root\/#primaryimage\",\"url\":\"https:\/\/scrat-tech.fr\/wp-content\/uploads\/2016\/11\/1.jpg\",\"contentUrl\":\"https:\/\/scrat-tech.fr\/wp-content\/uploads\/2016\/11\/1.jpg\",\"width\":1920,\"height\":1080,\"caption\":\"filmer son \u00e9cran enregistrer \u00e9cran sans root capturer \u00e9cran full hd\"},{\"@type\":\"BreadcrumbList\",\"@id\":\"https:\/\/scrat-tech.fr\/android\/filmer-son-ecran-android-sans-root\/#breadcrumb\",\"itemListElement\":[{\"@type\":\"ListItem\",\"position\":1,\"name\":\"Accueil\",\"item\":\"https:\/\/scrat-tech.fr\/\"},{\"@type\":\"ListItem\",\"position\":2,\"name\":\"Android\",\"item\":\"https:\/\/www.scrat-tech.fr\/en\/android\/\"},{\"@type\":\"ListItem\",\"position\":3,\"name\":\"Filmer son \u00e9cran ANDROID sans root en FULL HD\"}]},{\"@type\":\"WebSite\",\"@id\":\"https:\/\/scrat-tech.fr\/#website\",\"url\":\"https:\/\/scrat-tech.fr\/\",\"name\":\"SCRAT\",\"description\":\"\",\"publisher\":{\"@id\":\"https:\/\/scrat-tech.fr\/#organization\"},\"potentialAction\":[{\"@type\":\"SearchAction\",\"target\":{\"@type\":\"EntryPoint\",\"urlTemplate\":\"https:\/\/scrat-tech.fr\/?s={search_term_string}\"},\"query-input\":{\"@type\":\"PropertyValueSpecification\",\"valueRequired\":true,\"valueName\":\"search_term_string\"}}],\"inLanguage\":\"en-US\"},{\"@type\":\"Organization\",\"@id\":\"https:\/\/scrat-tech.fr\/#organization\",\"name\":\"SCRAT\",\"url\":\"https:\/\/scrat-tech.fr\/\",\"logo\":{\"@type\":\"ImageObject\",\"inLanguage\":\"en-US\",\"@id\":\"https:\/\/scrat-tech.fr\/#\/schema\/logo\/image\/\",\"url\":\"https:\/\/scrat-tech.fr\/wp-content\/uploads\/2024\/10\/cropped-tuyu_monte.png\",\"contentUrl\":\"https:\/\/scrat-tech.fr\/wp-content\/uploads\/2024\/10\/cropped-tuyu_monte.png\",\"width\":512,\"height\":512,\"caption\":\"SCRAT\"},\"image\":{\"@id\":\"https:\/\/scrat-tech.fr\/#\/schema\/logo\/image\/\"},\"sameAs\":[\"https:\/\/www.facebook.com\/ScratRider\/\",\"https:\/\/x.com\/SCRAT_Rider\",\"https:\/\/instagram.com\/scrat_rider\",\"https:\/\/youtube.com\/c\/SCRAT\"]}]}<\/script>\n<!-- \/ Yoast SEO Premium plugin. -->","yoast_head_json":{"title":"Film your ANDROID screen without root in FULL HD and FREE","description":"Here&#039;s how to film your Android screen in Full HD quality without root and capturing sound and webcam if needed, all for FREE and EASY.","robots":{"index":"index","follow":"follow","max-snippet":"max-snippet:-1","max-image-preview":"max-image-preview:large","max-video-preview":"max-video-preview:-1"},"canonical":"https:\/\/scrat-tech.fr\/en\/android\/film-your-android-screen-without-root\/","twitter_card":"summary_large_image","twitter_title":"Filmer son \u00e9cran ANDROID sans root en FULL HD et GRATUITEMENT","twitter_description":"Voici comment filmer son \u00e9cran Android en qualit\u00e9 Full HD sans root et en capturant le son et la webcam si besoin, le tout GRATUITEMENT et FACILEMENT.","twitter_image":"https:\/\/scrat-tech.fr\/wp-content\/uploads\/2016\/11\/1.jpg","twitter_site":"@SCRAT_Rider","twitter_misc":{"Est. reading time":"2 minutes"},"schema":{"@context":"https:\/\/schema.org","@graph":[{"@type":"WebPage","@id":"https:\/\/scrat-tech.fr\/android\/filmer-son-ecran-android-sans-root\/","url":"https:\/\/scrat-tech.fr\/android\/filmer-son-ecran-android-sans-root\/","name":"Film your ANDROID screen without root in FULL HD and FREE","isPartOf":{"@id":"https:\/\/scrat-tech.fr\/#website"},"primaryImageOfPage":{"@id":"https:\/\/scrat-tech.fr\/android\/filmer-son-ecran-android-sans-root\/#primaryimage"},"image":{"@id":"https:\/\/scrat-tech.fr\/android\/filmer-son-ecran-android-sans-root\/#primaryimage"},"thumbnailUrl":"https:\/\/scrat-tech.fr\/wp-content\/uploads\/2016\/11\/1.jpg","datePublished":"2016-11-01T16:17:54+00:00","dateModified":"2017-03-20T14:28:08+00:00","description":"Here&#039;s how to film your Android screen in Full HD quality without root and capturing sound and webcam if needed, all for FREE and EASY.","breadcrumb":{"@id":"https:\/\/scrat-tech.fr\/android\/filmer-son-ecran-android-sans-root\/#breadcrumb"},"inLanguage":"en-US","potentialAction":[{"@type":"ReadAction","target":["https:\/\/scrat-tech.fr\/android\/filmer-son-ecran-android-sans-root\/"]}]},{"@type":"ImageObject","inLanguage":"en-US","@id":"https:\/\/scrat-tech.fr\/android\/filmer-son-ecran-android-sans-root\/#primaryimage","url":"https:\/\/scrat-tech.fr\/wp-content\/uploads\/2016\/11\/1.jpg","contentUrl":"https:\/\/scrat-tech.fr\/wp-content\/uploads\/2016\/11\/1.jpg","width":1920,"height":1080,"caption":"filmer son \u00e9cran enregistrer \u00e9cran sans root capturer \u00e9cran full hd"},{"@type":"BreadcrumbList","@id":"https:\/\/scrat-tech.fr\/android\/filmer-son-ecran-android-sans-root\/#breadcrumb","itemListElement":[{"@type":"ListItem","position":1,"name":"Accueil","item":"https:\/\/scrat-tech.fr\/"},{"@type":"ListItem","position":2,"name":"Android","item":"https:\/\/www.scrat-tech.fr\/en\/android\/"},{"@type":"ListItem","position":3,"name":"Filmer son \u00e9cran ANDROID sans root en FULL HD"}]},{"@type":"WebSite","@id":"https:\/\/scrat-tech.fr\/#website","url":"https:\/\/scrat-tech.fr\/","name":"SCRAT","description":"","publisher":{"@id":"https:\/\/scrat-tech.fr\/#organization"},"potentialAction":[{"@type":"SearchAction","target":{"@type":"EntryPoint","urlTemplate":"https:\/\/scrat-tech.fr\/?s={search_term_string}"},"query-input":{"@type":"PropertyValueSpecification","valueRequired":true,"valueName":"search_term_string"}}],"inLanguage":"en-US"},{"@type":"Organization","@id":"https:\/\/scrat-tech.fr\/#organization","name":"SCRAT","url":"https:\/\/scrat-tech.fr\/","logo":{"@type":"ImageObject","inLanguage":"en-US","@id":"https:\/\/scrat-tech.fr\/#\/schema\/logo\/image\/","url":"https:\/\/scrat-tech.fr\/wp-content\/uploads\/2024\/10\/cropped-tuyu_monte.png","contentUrl":"https:\/\/scrat-tech.fr\/wp-content\/uploads\/2024\/10\/cropped-tuyu_monte.png","width":512,"height":512,"caption":"SCRAT"},"image":{"@id":"https:\/\/scrat-tech.fr\/#\/schema\/logo\/image\/"},"sameAs":["https:\/\/www.facebook.com\/ScratRider\/","https:\/\/x.com\/SCRAT_Rider","https:\/\/instagram.com\/scrat_rider","https:\/\/youtube.com\/c\/SCRAT"]}]}},"_links":{"self":[{"href":"https:\/\/scrat-tech.fr\/en\/wp-json\/wp\/v2\/pages\/1010","targetHints":{"allow":["GET"]}}],"collection":[{"href":"https:\/\/scrat-tech.fr\/en\/wp-json\/wp\/v2\/pages"}],"about":[{"href":"https:\/\/scrat-tech.fr\/en\/wp-json\/wp\/v2\/types\/page"}],"author":[{"embeddable":true,"href":"https:\/\/scrat-tech.fr\/en\/wp-json\/wp\/v2\/users\/2"}],"replies":[{"embeddable":true,"href":"https:\/\/scrat-tech.fr\/en\/wp-json\/wp\/v2\/comments?post=1010"}],"version-history":[{"count":0,"href":"https:\/\/scrat-tech.fr\/en\/wp-json\/wp\/v2\/pages\/1010\/revisions"}],"up":[{"embeddable":true,"href":"https:\/\/scrat-tech.fr\/en\/wp-json\/wp\/v2\/pages\/37"}],"wp:featuredmedia":[{"embeddable":true,"href":"https:\/\/scrat-tech.fr\/en\/wp-json\/wp\/v2\/media\/1011"}],"wp:attachment":[{"href":"https:\/\/scrat-tech.fr\/en\/wp-json\/wp\/v2\/media?parent=1010"}],"curies":[{"name":"wp","href":"https:\/\/api.w.org\/{rel}","templated":true}]}}