{"id":1005,"date":"2016-11-01T17:55:31","date_gmt":"2016-11-01T15:55:31","guid":{"rendered":"https:\/?page_id=1005"},"modified":"2017-03-21T13:31:02","modified_gmt":"2017-03-21T11:31:02","slug":"multi-accounts-android-messenger-facebook","status":"publish","type":"page","link":"https:\/\/scrat-tech.fr\/en\/android\/multi-accounts-android-messenger-facebook\/","title":{"rendered":"Multi-accounts on Android | Messenger \/ Facebook \/ ..."},"content":{"rendered":"<h3 style=\"text-align: center;\"><strong>How about multi-accounts on Android easily and WITHOUT root thanks to a simple free application? Then this tutorial is for you!<\/strong><\/h3>\n<p style=\"text-align: left;\">First of all, multi-accounts for those who don&#039;t see what I mean, it&#039;s the simple fact of connecting to one or more applications with different accounts when normally it&#039;s impossible. For example, you will be able to have two Facebook accounts, two Snapchat accounts, two Clash of Clans accounts... etc. on the <strong>EVEN<\/strong> device !<\/p>\n<p style=\"text-align: center;\"><a href=\"http:\/\/www.youtube.com\/user\/game682400?sub_confirmation=1\" target=\"_blank\"><img decoding=\"async\" class=\"aligncenter wp-image-1766\" src=\"https:\/\/scrat-tech.fr\/wp-content\/uploads\/2016\/11\/abonnez-1024x283.jpg\" width=\"400\" height=\"110\" srcset=\"https:\/\/scrat-tech.fr\/wp-content\/uploads\/2016\/11\/abonnez-1024x283.jpg 1024w, https:\/\/scrat-tech.fr\/wp-content\/uploads\/2016\/11\/abonnez-600x166.jpg 600w, https:\/\/scrat-tech.fr\/wp-content\/uploads\/2016\/11\/abonnez-300x83.jpg 300w, https:\/\/scrat-tech.fr\/wp-content\/uploads\/2016\/11\/abonnez-768x212.jpg 768w, https:\/\/scrat-tech.fr\/wp-content\/uploads\/2016\/11\/abonnez.jpg 1631w\" sizes=\"(max-width: 400px) 100vw, 400px\" \/><\/a><em><span style=\"color: #808080;\">Click here to subscribe and support me, it costs you nothing and makes me happy \ud83d\ude42<\/span><\/em><\/p>\n<p style=\"text-align: left;\">This method is legal, easy and does not require root access on your device.<\/p>\n<p style=\"text-align: left;\">We will use a free application to perform this trick, the principle of this application is to clone your applications (choose according to those on which you want to have several accounts) and launch them independently. Let&#039;s say that we want to do multi-accounts on Snapchat, when you launch Snapchat on your device as usual you will be on your account, when you launch it through the application you will be able to connect to a second account. Basically there will be <strong>TWO<\/strong> Snapchat launched at the same time on your device.<\/p>\n<p style=\"text-align: left;\">Once you no longer need your second account on a certain app you can delete the clone, this will also delete the clone&#039;s data so there is nothing left on your device.<\/p>\n<p style=\"text-align: left;\">A customization tab allows you to modify the design of the application if you wish, for my part I find this useless since we only use the application as a sort of platform to launch our clones, after that it is always a plus for customization fans!<\/p>\n<p style=\"text-align: left;\"><strong>You can download the application used in the video by clicking <a href=\"http:\/\/www.clictune.com\/id=732800\" target=\"_blank\">ICI<\/a>, or simply by following the link in the description of the video on YouTube.<\/strong><\/p>\n<p><iframe width=\"800\" height=\"450\" src=\"https:\/\/www.youtube.com\/embed\/CsrsnQaZQBQ?feature=oembed\" frameborder=\"0\" allowfullscreen><\/iframe><\/p>","protected":false},"excerpt":{"rendered":"<p>Du multi-comptes sur Android facilement et SANS root gr\u00e2ce \u00e0 une simple application gratuite \u00e7a vous dit ? Alors ce tuto est pour vous ! Tout d&rsquo;abord le multi-comptes pour ceux qui ne voient pas ce que je veux dire, c&rsquo;est le simple fait de se connecter \u00e0 une ou plusieurs applications avec diff\u00e9rents comptes [&hellip;]<\/p>","protected":false},"author":2,"featured_media":1006,"parent":37,"menu_order":0,"comment_status":"closed","ping_status":"open","template":"","meta":{"footnotes":""},"class_list":["post-1005","page","type-page","status-publish","has-post-thumbnail","hentry"],"yoast_head":"<!-- This site is optimized with the Yoast SEO Premium plugin v24.4 (Yoast SEO v24.4) - https:\/\/yoast.com\/wordpress\/plugins\/seo\/ -->\n<title>Multi-comptes sur Android | Messenger \/ Facebook \/ ... SANS ROOT<\/title>\n<meta name=\"description\" content=\"Du multi-comptes sur Android facilement et SANS root gr\u00e2ce \u00e0 une simple application gratuite \u00e7a vous dit ? Alors ce tuto est pour vous !\" \/>\n<meta name=\"robots\" content=\"index, follow, max-snippet:-1, max-image-preview:large, max-video-preview:-1\" \/>\n<link rel=\"canonical\" href=\"https:\/\/scrat-tech.fr\/en\/android\/multi-accounts-android-messenger-facebook\/\" \/>\n<meta name=\"twitter:card\" content=\"summary_large_image\" \/>\n<meta name=\"twitter:title\" content=\"Multi-comptes sur Android | Messenger \/ Facebook \/ ... SANS ROOT\" \/>\n<meta name=\"twitter:description\" content=\"Du multi-comptes sur Android facilement et SANS root gr\u00e2ce \u00e0 une simple application gratuite \u00e7a vous dit ? Alors ce tuto est pour vous !\" \/>\n<meta name=\"twitter:image\" content=\"https:\/\/scrat-tech.fr\/wp-content\/uploads\/2016\/11\/2.jpg\" \/>\n<meta name=\"twitter:site\" content=\"@SCRAT_Rider\" \/>\n<meta name=\"twitter:label1\" content=\"Est. reading time\" \/>\n\t<meta name=\"twitter:data1\" content=\"2 minutes\" \/>\n<script type=\"application\/ld+json\" class=\"yoast-schema-graph\">{\"@context\":\"https:\/\/schema.org\",\"@graph\":[{\"@type\":\"WebPage\",\"@id\":\"https:\/\/scrat-tech.fr\/en\/android\/multi-accounts-android-messenger-facebook\/\",\"url\":\"https:\/\/scrat-tech.fr\/en\/android\/multi-accounts-android-messenger-facebook\/\",\"name\":\"Multi-comptes sur Android | Messenger \/ Facebook \/ ... SANS ROOT\",\"isPartOf\":{\"@id\":\"https:\/\/scrat-tech.fr\/#website\"},\"primaryImageOfPage\":{\"@id\":\"https:\/\/scrat-tech.fr\/en\/android\/multi-accounts-android-messenger-facebook\/#primaryimage\"},\"image\":{\"@id\":\"https:\/\/scrat-tech.fr\/en\/android\/multi-accounts-android-messenger-facebook\/#primaryimage\"},\"thumbnailUrl\":\"https:\/\/scrat-tech.fr\/wp-content\/uploads\/2016\/11\/2.jpg\",\"datePublished\":\"2016-11-01T15:55:31+00:00\",\"dateModified\":\"2017-03-21T11:31:02+00:00\",\"description\":\"Du multi-comptes sur Android facilement et SANS root gr\u00e2ce \u00e0 une simple application gratuite \u00e7a vous dit ? Alors ce tuto est pour vous !\",\"breadcrumb\":{\"@id\":\"https:\/\/scrat-tech.fr\/en\/android\/multi-accounts-android-messenger-facebook\/#breadcrumb\"},\"inLanguage\":\"en-US\",\"potentialAction\":[{\"@type\":\"ReadAction\",\"target\":[\"https:\/\/scrat-tech.fr\/en\/android\/multi-accounts-android-messenger-facebook\/\"]}]},{\"@type\":\"ImageObject\",\"inLanguage\":\"en-US\",\"@id\":\"https:\/\/scrat-tech.fr\/en\/android\/multi-accounts-android-messenger-facebook\/#primaryimage\",\"url\":\"https:\/\/scrat-tech.fr\/wp-content\/uploads\/2016\/11\/2.jpg\",\"contentUrl\":\"https:\/\/scrat-tech.fr\/wp-content\/uploads\/2016\/11\/2.jpg\",\"width\":1920,\"height\":1080,\"caption\":\"multi-comptes plusieurs comptes messenger facebook snapchat\"},{\"@type\":\"BreadcrumbList\",\"@id\":\"https:\/\/scrat-tech.fr\/en\/android\/multi-accounts-android-messenger-facebook\/#breadcrumb\",\"itemListElement\":[{\"@type\":\"ListItem\",\"position\":1,\"name\":\"Accueil\",\"item\":\"https:\/\/scrat-tech.fr\/\"},{\"@type\":\"ListItem\",\"position\":2,\"name\":\"Android\",\"item\":\"https:\/\/www.scrat-tech.fr\/en\/android\/\"},{\"@type\":\"ListItem\",\"position\":3,\"name\":\"Multi-comptes sur Android | Messenger \/ Facebook \/ &#8230;\"}]},{\"@type\":\"WebSite\",\"@id\":\"https:\/\/scrat-tech.fr\/#website\",\"url\":\"https:\/\/scrat-tech.fr\/\",\"name\":\"SCRAT\",\"description\":\"\",\"publisher\":{\"@id\":\"https:\/\/scrat-tech.fr\/#organization\"},\"potentialAction\":[{\"@type\":\"SearchAction\",\"target\":{\"@type\":\"EntryPoint\",\"urlTemplate\":\"https:\/\/scrat-tech.fr\/?s={search_term_string}\"},\"query-input\":{\"@type\":\"PropertyValueSpecification\",\"valueRequired\":true,\"valueName\":\"search_term_string\"}}],\"inLanguage\":\"en-US\"},{\"@type\":\"Organization\",\"@id\":\"https:\/\/scrat-tech.fr\/#organization\",\"name\":\"SCRAT\",\"url\":\"https:\/\/scrat-tech.fr\/\",\"logo\":{\"@type\":\"ImageObject\",\"inLanguage\":\"en-US\",\"@id\":\"https:\/\/scrat-tech.fr\/#\/schema\/logo\/image\/\",\"url\":\"https:\/\/scrat-tech.fr\/wp-content\/uploads\/2024\/10\/cropped-tuyu_monte.png\",\"contentUrl\":\"https:\/\/scrat-tech.fr\/wp-content\/uploads\/2024\/10\/cropped-tuyu_monte.png\",\"width\":512,\"height\":512,\"caption\":\"SCRAT\"},\"image\":{\"@id\":\"https:\/\/scrat-tech.fr\/#\/schema\/logo\/image\/\"},\"sameAs\":[\"https:\/\/www.facebook.com\/ScratRider\/\",\"https:\/\/x.com\/SCRAT_Rider\",\"https:\/\/instagram.com\/scrat_rider\",\"https:\/\/youtube.com\/c\/SCRAT\"]}]}<\/script>\n<!-- \/ Yoast SEO Premium plugin. -->","yoast_head_json":{"title":"Multi-accounts on Android | Messenger \/ Facebook \/ ... WITHOUT ROOT","description":"How about multi-accounts on Android easily and WITHOUT root thanks to a simple free application? Then this tutorial is for you!","robots":{"index":"index","follow":"follow","max-snippet":"max-snippet:-1","max-image-preview":"max-image-preview:large","max-video-preview":"max-video-preview:-1"},"canonical":"https:\/\/scrat-tech.fr\/en\/android\/multi-accounts-android-messenger-facebook\/","twitter_card":"summary_large_image","twitter_title":"Multi-comptes sur Android | Messenger \/ Facebook \/ ... SANS ROOT","twitter_description":"Du multi-comptes sur Android facilement et SANS root gr\u00e2ce \u00e0 une simple application gratuite \u00e7a vous dit ? Alors ce tuto est pour vous !","twitter_image":"https:\/\/scrat-tech.fr\/wp-content\/uploads\/2016\/11\/2.jpg","twitter_site":"@SCRAT_Rider","twitter_misc":{"Est. reading time":"2 minutes"},"schema":{"@context":"https:\/\/schema.org","@graph":[{"@type":"WebPage","@id":"https:\/\/scrat-tech.fr\/en\/android\/multi-accounts-android-messenger-facebook\/","url":"https:\/\/scrat-tech.fr\/en\/android\/multi-accounts-android-messenger-facebook\/","name":"Multi-accounts on Android | Messenger \/ Facebook \/ ... WITHOUT ROOT","isPartOf":{"@id":"https:\/\/scrat-tech.fr\/#website"},"primaryImageOfPage":{"@id":"https:\/\/scrat-tech.fr\/en\/android\/multi-accounts-android-messenger-facebook\/#primaryimage"},"image":{"@id":"https:\/\/scrat-tech.fr\/en\/android\/multi-accounts-android-messenger-facebook\/#primaryimage"},"thumbnailUrl":"https:\/\/scrat-tech.fr\/wp-content\/uploads\/2016\/11\/2.jpg","datePublished":"2016-11-01T15:55:31+00:00","dateModified":"2017-03-21T11:31:02+00:00","description":"How about multi-accounts on Android easily and WITHOUT root thanks to a simple free application? Then this tutorial is for you!","breadcrumb":{"@id":"https:\/\/scrat-tech.fr\/en\/android\/multi-accounts-android-messenger-facebook\/#breadcrumb"},"inLanguage":"en-US","potentialAction":[{"@type":"ReadAction","target":["https:\/\/scrat-tech.fr\/en\/android\/multi-accounts-android-messenger-facebook\/"]}]},{"@type":"ImageObject","inLanguage":"en-US","@id":"https:\/\/scrat-tech.fr\/en\/android\/multi-accounts-android-messenger-facebook\/#primaryimage","url":"https:\/\/scrat-tech.fr\/wp-content\/uploads\/2016\/11\/2.jpg","contentUrl":"https:\/\/scrat-tech.fr\/wp-content\/uploads\/2016\/11\/2.jpg","width":1920,"height":1080,"caption":"multi-comptes plusieurs comptes messenger facebook snapchat"},{"@type":"BreadcrumbList","@id":"https:\/\/scrat-tech.fr\/en\/android\/multi-accounts-android-messenger-facebook\/#breadcrumb","itemListElement":[{"@type":"ListItem","position":1,"name":"Accueil","item":"https:\/\/scrat-tech.fr\/"},{"@type":"ListItem","position":2,"name":"Android","item":"https:\/\/www.scrat-tech.fr\/en\/android\/"},{"@type":"ListItem","position":3,"name":"Multi-comptes sur Android | Messenger \/ Facebook \/ &#8230;"}]},{"@type":"WebSite","@id":"https:\/\/scrat-tech.fr\/#website","url":"https:\/\/scrat-tech.fr\/","name":"SCRAT","description":"","publisher":{"@id":"https:\/\/scrat-tech.fr\/#organization"},"potentialAction":[{"@type":"SearchAction","target":{"@type":"EntryPoint","urlTemplate":"https:\/\/scrat-tech.fr\/?s={search_term_string}"},"query-input":{"@type":"PropertyValueSpecification","valueRequired":true,"valueName":"search_term_string"}}],"inLanguage":"en-US"},{"@type":"Organization","@id":"https:\/\/scrat-tech.fr\/#organization","name":"SCRAT","url":"https:\/\/scrat-tech.fr\/","logo":{"@type":"ImageObject","inLanguage":"en-US","@id":"https:\/\/scrat-tech.fr\/#\/schema\/logo\/image\/","url":"https:\/\/scrat-tech.fr\/wp-content\/uploads\/2024\/10\/cropped-tuyu_monte.png","contentUrl":"https:\/\/scrat-tech.fr\/wp-content\/uploads\/2024\/10\/cropped-tuyu_monte.png","width":512,"height":512,"caption":"SCRAT"},"image":{"@id":"https:\/\/scrat-tech.fr\/#\/schema\/logo\/image\/"},"sameAs":["https:\/\/www.facebook.com\/ScratRider\/","https:\/\/x.com\/SCRAT_Rider","https:\/\/instagram.com\/scrat_rider","https:\/\/youtube.com\/c\/SCRAT"]}]}},"_links":{"self":[{"href":"https:\/\/scrat-tech.fr\/en\/wp-json\/wp\/v2\/pages\/1005","targetHints":{"allow":["GET"]}}],"collection":[{"href":"https:\/\/scrat-tech.fr\/en\/wp-json\/wp\/v2\/pages"}],"about":[{"href":"https:\/\/scrat-tech.fr\/en\/wp-json\/wp\/v2\/types\/page"}],"author":[{"embeddable":true,"href":"https:\/\/scrat-tech.fr\/en\/wp-json\/wp\/v2\/users\/2"}],"replies":[{"embeddable":true,"href":"https:\/\/scrat-tech.fr\/en\/wp-json\/wp\/v2\/comments?post=1005"}],"version-history":[{"count":0,"href":"https:\/\/scrat-tech.fr\/en\/wp-json\/wp\/v2\/pages\/1005\/revisions"}],"up":[{"embeddable":true,"href":"https:\/\/scrat-tech.fr\/en\/wp-json\/wp\/v2\/pages\/37"}],"wp:featuredmedia":[{"embeddable":true,"href":"https:\/\/scrat-tech.fr\/en\/wp-json\/wp\/v2\/media\/1006"}],"wp:attachment":[{"href":"https:\/\/scrat-tech.fr\/en\/wp-json\/wp\/v2\/media?parent=1005"}],"curies":[{"name":"wp","href":"https:\/\/api.w.org\/{rel}","templated":true}]}}